{"id":200,"date":"2021-04-29T18:02:43","date_gmt":"2021-04-29T18:02:43","guid":{"rendered":"https:\/\/castaway.org\/product\/greek-olive-oil-1l-copy\/"},"modified":"2025-10-09T10:58:27","modified_gmt":"2025-10-09T08:58:27","slug":"greek-olive-oil-5l","status":"publish","type":"product","link":"http:\/\/castaway.org\/fr\/produit\/greek-olive-oil-5l\/","title":{"rendered":"Huile d&#039;Olive Grecque 5L"},"content":{"rendered":"<p>If you want to give a great Greek taste to your meal, you should use\u00a0Castaway Greek Olive Oil. Full of fruitiness, with an aroma\u00a0of\u00a0green fruit, light bitterness, and light to medium pungency. Its organoleptic characteristics have ranked it in the extra virgin category of olive oils which is characterized by certain special features, such as an exceptionally low acidity, a deep, bright green color with a bittersweet taste and a smooth taste feeling of various fruits. Also called \u201cThe Queen of Olives\u201d, Koroneiki olives are considered and are recognized globally as one of the preferred varietals for oil production. 5L Available ONLY in tin cans.<\/p>","protected":false},"excerpt":{"rendered":"<p>Plein de fruit\u00e9 avec un ar\u00f4me de fruits verts, une l\u00e9g\u00e8re amertume et un piquant l\u00e9ger \u00e0 moyen. Fabriqu\u00e9 \u00e0 partir de la vari\u00e9t\u00e9 \u00abKoroneiki\u00bb, cueillie \u00e0 la main et press\u00e9e \u00e0 froid dans le sud de la Gr\u00e8ce.<\/p>","protected":false},"featured_media":525,"comment_status":"open","ping_status":"closed","template":"","meta":{"_et_pb_use_builder":"off","_et_pb_old_content":"If you want to give a great Greek taste to your meal, you should use\u00a0Castaway Greek Olive Oil.\r\n\r\nFull of fruitiness, with an aroma\u00a0of\u00a0green fruit, light bitterness, and light to medium pungency.\r\n\r\nIts organoleptic characteristics have ranked it in the extra virgin category of olive oils which is characterized by certain special features, such as an exceptionally low acidity, a deep, bright green color with a bittersweet taste and a smooth taste feeling of various fruits.\r\n\r\nAlso called \u201cThe Queen of Olives\u201d, Koroneiki olives are considered and are recognized globally as one of the preferred varietals for oil production.\r\n\r\n5L Available ONLY in tin cans.","_et_gb_content_width":""},"product_brand":[],"product_cat":[16],"product_tag":[],"class_list":{"0":"post-200","1":"product","2":"type-product","3":"status-publish","4":"has-post-thumbnail","6":"product_cat-uncategorized","8":"first","9":"instock","10":"shipping-taxable","11":"purchasable","12":"product-type-variable"},"_links":{"self":[{"href":"http:\/\/castaway.org\/fr\/wp-json\/wp\/v2\/product\/200","targetHints":{"allow":["GET"]}}],"collection":[{"href":"http:\/\/castaway.org\/fr\/wp-json\/wp\/v2\/product"}],"about":[{"href":"http:\/\/castaway.org\/fr\/wp-json\/wp\/v2\/types\/product"}],"replies":[{"embeddable":true,"href":"http:\/\/castaway.org\/fr\/wp-json\/wp\/v2\/comments?post=200"}],"wp:featuredmedia":[{"embeddable":true,"href":"http:\/\/castaway.org\/fr\/wp-json\/wp\/v2\/media\/525"}],"wp:attachment":[{"href":"http:\/\/castaway.org\/fr\/wp-json\/wp\/v2\/media?parent=200"}],"wp:term":[{"taxonomy":"product_brand","embeddable":true,"href":"http:\/\/castaway.org\/fr\/wp-json\/wp\/v2\/product_brand?post=200"},{"taxonomy":"product_cat","embeddable":true,"href":"http:\/\/castaway.org\/fr\/wp-json\/wp\/v2\/product_cat?post=200"},{"taxonomy":"product_tag","embeddable":true,"href":"http:\/\/castaway.org\/fr\/wp-json\/wp\/v2\/product_tag?post=200"}],"curies":[{"name":"wp","href":"https:\/\/api.w.org\/{rel}","templated":true}]}}